{"id":419,"date":"2024-11-14T11:00:42","date_gmt":"2024-11-14T10:00:42","guid":{"rendered":"https:\/\/psorsak.com\/?page_id=419"},"modified":"2024-11-27T18:50:24","modified_gmt":"2024-11-27T17:50:24","slug":"faqs","status":"publish","type":"page","link":"https:\/\/psorsak.com\/de\/faqs\/","title":{"rendered":"FAQs"},"content":{"rendered":"<div data-elementor-type=\"wp-page\" data-elementor-id=\"419\" class=\"elementor elementor-419\" data-elementor-settings=\"{&quot;element_pack_global_tooltip_width&quot;:{&quot;unit&quot;:&quot;px&quot;,&quot;size&quot;:&quot;&quot;,&quot;sizes&quot;:[]},&quot;element_pack_global_tooltip_width_tablet&quot;:{&quot;unit&quot;:&quot;px&quot;,&quot;size&quot;:&quot;&quot;,&quot;sizes&quot;:[]},&quot;element_pack_global_tooltip_width_mobile&quot;:{&quot;unit&quot;:&quot;px&quot;,&quot;size&quot;:&quot;&quot;,&quot;sizes&quot;:[]},&quot;element_pack_global_tooltip_padding&quot;:{&quot;unit&quot;:&quot;px&quot;,&quot;top&quot;:&quot;&quot;,&quot;right&quot;:&quot;&quot;,&quot;bottom&quot;:&quot;&quot;,&quot;left&quot;:&quot;&quot;,&quot;isLinked&quot;:true},&quot;element_pack_global_tooltip_padding_tablet&quot;:{&quot;unit&quot;:&quot;px&quot;,&quot;top&quot;:&quot;&quot;,&quot;right&quot;:&quot;&quot;,&quot;bottom&quot;:&quot;&quot;,&quot;left&quot;:&quot;&quot;,&quot;isLinked&quot;:true},&quot;element_pack_global_tooltip_padding_mobile&quot;:{&quot;unit&quot;:&quot;px&quot;,&quot;top&quot;:&quot;&quot;,&quot;right&quot;:&quot;&quot;,&quot;bottom&quot;:&quot;&quot;,&quot;left&quot;:&quot;&quot;,&quot;isLinked&quot;:true},&quot;element_pack_global_tooltip_border_radius&quot;:{&quot;unit&quot;:&quot;px&quot;,&quot;top&quot;:&quot;&quot;,&quot;right&quot;:&quot;&quot;,&quot;bottom&quot;:&quot;&quot;,&quot;left&quot;:&quot;&quot;,&quot;isLinked&quot;:true},&quot;element_pack_global_tooltip_border_radius_tablet&quot;:{&quot;unit&quot;:&quot;px&quot;,&quot;top&quot;:&quot;&quot;,&quot;right&quot;:&quot;&quot;,&quot;bottom&quot;:&quot;&quot;,&quot;left&quot;:&quot;&quot;,&quot;isLinked&quot;:true},&quot;element_pack_global_tooltip_border_radius_mobile&quot;:{&quot;unit&quot;:&quot;px&quot;,&quot;top&quot;:&quot;&quot;,&quot;right&quot;:&quot;&quot;,&quot;bottom&quot;:&quot;&quot;,&quot;left&quot;:&quot;&quot;,&quot;isLinked&quot;:true}}\" data-elementor-post-type=\"page\">\n\t\t\t\t<div class=\"elementor-element elementor-element-1772ae4d e-flex e-con-boxed e-con e-parent\" data-id=\"1772ae4d\" data-element_type=\"container\" data-e-type=\"container\">\n\t\t\t\t\t<div class=\"e-con-inner\">\n\t\t<div class=\"elementor-element elementor-element-29d9f5db e-con-full e-flex e-con e-child\" data-id=\"29d9f5db\" data-element_type=\"container\" data-e-type=\"container\">\n\t\t\t\t<div class=\"elementor-element elementor-element-1a1c3ac5 ui-e-animation-acc-overshadow ui-e-animation-ico-slide elementor-invisible elementor-widget elementor-widget-uicore-accordion\" data-id=\"1a1c3ac5\" data-element_type=\"widget\" data-e-type=\"widget\" data-settings=\"{&quot;accordion_animation&quot;:&quot;ui-e-animation-acc-overshadow&quot;,&quot;_animation&quot;:&quot;fadeInUp&quot;,&quot;_animation_delay&quot;:&quot;240&quot;,&quot;collapsible&quot;:&quot;true&quot;,&quot;active_hash&quot;:&quot;no&quot;}\" data-widget_type=\"uicore-accordion.default\">\n\t\t\t\t<div class=\"elementor-widget-container\">\n\t\t\t\t\t        <div class=\"ui-e-accordion\" >\n\n                            <div class=\"ui-e-accordion-item ui-e-item ui-open\" role=\"button\" tabindex=\"0\" aria-expanded=\"true\" aria-controls=\"ui-e-acc-1\" id=\"ui-e-in-which-language-is-the-counselling-available\">\n\n                    <h5 class=\"ui-e-accordion-title ui-e-title ui-right\">\n\n                                                    <span class=\"ui-e-accordion-icon ui-e-icon ui-e-right\" aria-hidden=\"true\">\n\n                                <span class=\"ui-e-accordion-icon-closed\">\n                                    <i aria-hidden=\"true\" class=\"ti ti-plus\"><\/i>                                <\/span>\n\n                                                                    <span class=\"ui-e-accordion-icon-opened\">\n                                        <i aria-hidden=\"true\" class=\"ti ti-minus\"><\/i>                                    <\/span>\n                                \n                            <\/span>\n                        \n                                                <span class=\"ui-e-accordion-title-text ui-e-title-text\" >\n                                                        In welcher Sprache ist die Beratung verf\u00fcgbar?                        <\/span>\n\n                    <\/h5>\n\n                    <div class=\"ui-e-accordion-content ui-e-content\" style=\"\" aria-labelledby=\"ui-e-in-which-language-is-the-counselling-available\" id=\"ui-e-acc-1\">\n                        <p>Die Beratung wird in deutscher, englischer und slowenischer Sprache angeboten.<\/p>                    <\/div>\n\n                <\/div>\n                            <div class=\"ui-e-accordion-item ui-e-item\" role=\"button\" tabindex=\"0\" aria-expanded=\"false\" aria-controls=\"ui-e-acc-2\" id=\"ui-e-can-i-do-the-counselling-in-person\">\n\n                    <h5 class=\"ui-e-accordion-title ui-e-title ui-right\">\n\n                                                    <span class=\"ui-e-accordion-icon ui-e-icon ui-e-right\" aria-hidden=\"true\">\n\n                                <span class=\"ui-e-accordion-icon-closed\">\n                                    <i aria-hidden=\"true\" class=\"ti ti-plus\"><\/i>                                <\/span>\n\n                                                                    <span class=\"ui-e-accordion-icon-opened\">\n                                        <i aria-hidden=\"true\" class=\"ti ti-minus\"><\/i>                                    <\/span>\n                                \n                            <\/span>\n                        \n                                                <span class=\"ui-e-accordion-title-text ui-e-title-text\" >\n                                                        Kann ich die Beratung pers\u00f6nlich in Anspruch nehmen?                        <\/span>\n\n                    <\/h5>\n\n                    <div class=\"ui-e-accordion-content ui-e-content\" style=\"display:none;\" aria-labelledby=\"ui-e-can-i-do-the-counselling-in-person\" id=\"ui-e-acc-2\">\n                        <p>Nein, im Moment ist die einzige Option f\u00fcr die Beratung online.<\/p>                    <\/div>\n\n                <\/div>\n                            <div class=\"ui-e-accordion-item ui-e-item\" role=\"button\" tabindex=\"0\" aria-expanded=\"false\" aria-controls=\"ui-e-acc-3\" id=\"ui-e-how-can-i-pay-for-the-counselling\">\n\n                    <h5 class=\"ui-e-accordion-title ui-e-title ui-right\">\n\n                                                    <span class=\"ui-e-accordion-icon ui-e-icon ui-e-right\" aria-hidden=\"true\">\n\n                                <span class=\"ui-e-accordion-icon-closed\">\n                                    <i aria-hidden=\"true\" class=\"ti ti-plus\"><\/i>                                <\/span>\n\n                                                                    <span class=\"ui-e-accordion-icon-opened\">\n                                        <i aria-hidden=\"true\" class=\"ti ti-minus\"><\/i>                                    <\/span>\n                                \n                            <\/span>\n                        \n                                                <span class=\"ui-e-accordion-title-text ui-e-title-text\" >\n                                                        Wie kann ich die Beratung bezahlen?                        <\/span>\n\n                    <\/h5>\n\n                    <div class=\"ui-e-accordion-content ui-e-content\" style=\"display:none;\" aria-labelledby=\"ui-e-how-can-i-pay-for-the-counselling\" id=\"ui-e-acc-3\">\n                        <p>Sie k\u00f6nnen f\u00fcr die Beratung \u00fcber PayPal bezahlen. Wenn Sie es nicht haben, dann kontaktieren Sie mich und ich gebe Ihnen die Bankverbindung f\u00fcr die \u00dcberweisung.<\/p>                    <\/div>\n\n                <\/div>\n                            <div class=\"ui-e-accordion-item ui-e-item\" role=\"button\" tabindex=\"0\" aria-expanded=\"false\" aria-controls=\"ui-e-acc-4\" id=\"ui-e-can-i-pay-for-the-counselling-after-it\">\n\n                    <h5 class=\"ui-e-accordion-title ui-e-title ui-right\">\n\n                                                    <span class=\"ui-e-accordion-icon ui-e-icon ui-e-right\" aria-hidden=\"true\">\n\n                                <span class=\"ui-e-accordion-icon-closed\">\n                                    <i aria-hidden=\"true\" class=\"ti ti-plus\"><\/i>                                <\/span>\n\n                                                                    <span class=\"ui-e-accordion-icon-opened\">\n                                        <i aria-hidden=\"true\" class=\"ti ti-minus\"><\/i>                                    <\/span>\n                                \n                            <\/span>\n                        \n                                                <span class=\"ui-e-accordion-title-text ui-e-title-text\" >\n                                                        Kann ich f\u00fcr die Beratung danach bezahlen?                        <\/span>\n\n                    <\/h5>\n\n                    <div class=\"ui-e-accordion-content ui-e-content\" style=\"display:none;\" aria-labelledby=\"ui-e-can-i-pay-for-the-counselling-after-it\" id=\"ui-e-acc-4\">\n                        <p>Nein, Sie erhalten den Link f\u00fcr die Videoberatung erst, wenn ich Ihre Zahlung erhalten habe.<\/p>                    <\/div>\n\n                <\/div>\n                            <div class=\"ui-e-accordion-item ui-e-item\" role=\"button\" tabindex=\"0\" aria-expanded=\"false\" aria-controls=\"ui-e-acc-5\" id=\"ui-e-can-i-cancel-my-counselling-booking\">\n\n                    <h5 class=\"ui-e-accordion-title ui-e-title ui-right\">\n\n                                                    <span class=\"ui-e-accordion-icon ui-e-icon ui-e-right\" aria-hidden=\"true\">\n\n                                <span class=\"ui-e-accordion-icon-closed\">\n                                    <i aria-hidden=\"true\" class=\"ti ti-plus\"><\/i>                                <\/span>\n\n                                                                    <span class=\"ui-e-accordion-icon-opened\">\n                                        <i aria-hidden=\"true\" class=\"ti ti-minus\"><\/i>                                    <\/span>\n                                \n                            <\/span>\n                        \n                                                <span class=\"ui-e-accordion-title-text ui-e-title-text\" >\n                                                        Kann ich meine Beratungsbuchung stornieren?                        <\/span>\n\n                    <\/h5>\n\n                    <div class=\"ui-e-accordion-content ui-e-content\" style=\"display:none;\" aria-labelledby=\"ui-e-can-i-cancel-my-counselling-booking\" id=\"ui-e-acc-5\">\n                        <p>Bis zu 48 Stunden vor Ihrem Termin k\u00f6nnen Sie Ihren Termin ohne Kosten stornieren. Danach werde ich Ihnen 50% des Preises in Rechnung stellen.<\/p>                    <\/div>\n\n                <\/div>\n                            <div class=\"ui-e-accordion-item ui-e-item\" role=\"button\" tabindex=\"0\" aria-expanded=\"false\" aria-controls=\"ui-e-acc-6\" id=\"ui-e-do-i-need-any-special-app-for-the-video-counselling\">\n\n                    <h5 class=\"ui-e-accordion-title ui-e-title ui-right\">\n\n                                                    <span class=\"ui-e-accordion-icon ui-e-icon ui-e-right\" aria-hidden=\"true\">\n\n                                <span class=\"ui-e-accordion-icon-closed\">\n                                    <i aria-hidden=\"true\" class=\"ti ti-plus\"><\/i>                                <\/span>\n\n                                                                    <span class=\"ui-e-accordion-icon-opened\">\n                                        <i aria-hidden=\"true\" class=\"ti ti-minus\"><\/i>                                    <\/span>\n                                \n                            <\/span>\n                        \n                                                <span class=\"ui-e-accordion-title-text ui-e-title-text\" >\n                                                        Brauche ich eine spezielle App f\u00fcr die Videoberatung?                        <\/span>\n\n                    <\/h5>\n\n                    <div class=\"ui-e-accordion-content ui-e-content\" style=\"display:none;\" aria-labelledby=\"ui-e-do-i-need-any-special-app-for-the-video-counselling\" id=\"ui-e-acc-6\">\n                        <p>Nein, der Link, den wir Ihnen senden, \u00f6ffnet ein Google-Meeting, aber wenn Sie ein besseres Erlebnis w\u00fcnschen, k\u00f6nnen Sie die Google-Meet-App auf Ihren Computer oder Ihr Telefon herunterladen.<\/p>                    <\/div>\n\n                <\/div>\n                            <div class=\"ui-e-accordion-item ui-e-item\" role=\"button\" tabindex=\"0\" aria-expanded=\"false\" aria-controls=\"ui-e-acc-7\" id=\"ui-e-do-i-need-to-show-myself-on-the-video\">\n\n                    <h5 class=\"ui-e-accordion-title ui-e-title ui-right\">\n\n                                                    <span class=\"ui-e-accordion-icon ui-e-icon ui-e-right\" aria-hidden=\"true\">\n\n                                <span class=\"ui-e-accordion-icon-closed\">\n                                    <i aria-hidden=\"true\" class=\"ti ti-plus\"><\/i>                                <\/span>\n\n                                                                    <span class=\"ui-e-accordion-icon-opened\">\n                                        <i aria-hidden=\"true\" class=\"ti ti-minus\"><\/i>                                    <\/span>\n                                \n                            <\/span>\n                        \n                                                <span class=\"ui-e-accordion-title-text ui-e-title-text\" >\n                                                        Muss ich mich auf dem Video zeigen?                        <\/span>\n\n                    <\/h5>\n\n                    <div class=\"ui-e-accordion-content ui-e-content\" style=\"display:none;\" aria-labelledby=\"ui-e-do-i-need-to-show-myself-on-the-video\" id=\"ui-e-acc-7\">\n                        <p>Nein, sagen Sie mir das im Voraus, und wir k\u00f6nnen die f\u00fcr Sie angenehme Art der Kommunikation vereinbaren.<\/p>                    <\/div>\n\n                <\/div>\n                            <div class=\"ui-e-accordion-item ui-e-item\" role=\"button\" tabindex=\"0\" aria-expanded=\"false\" aria-controls=\"ui-e-acc-8\" id=\"ui-e-can-i-book-the-counselling-if-i-am-under-18-years-old\">\n\n                    <h5 class=\"ui-e-accordion-title ui-e-title ui-right\">\n\n                                                    <span class=\"ui-e-accordion-icon ui-e-icon ui-e-right\" aria-hidden=\"true\">\n\n                                <span class=\"ui-e-accordion-icon-closed\">\n                                    <i aria-hidden=\"true\" class=\"ti ti-plus\"><\/i>                                <\/span>\n\n                                                                    <span class=\"ui-e-accordion-icon-opened\">\n                                        <i aria-hidden=\"true\" class=\"ti ti-minus\"><\/i>                                    <\/span>\n                                \n                            <\/span>\n                        \n                                                <span class=\"ui-e-accordion-title-text ui-e-title-text\" >\n                                                        Kann ich die Beratung buchen, wenn ich unter 18 Jahre alt bin?                        <\/span>\n\n                    <\/h5>\n\n                    <div class=\"ui-e-accordion-content ui-e-content\" style=\"display:none;\" aria-labelledby=\"ui-e-can-i-book-the-counselling-if-i-am-under-18-years-old\" id=\"ui-e-acc-8\">\n                        <p>Nein, im Moment ist die Beratung nur f\u00fcr Personen \u00fcber 18 Jahren verf\u00fcgbar.<\/p>                    <\/div>\n\n                <\/div>\n                            <div class=\"ui-e-accordion-item ui-e-item\" role=\"button\" tabindex=\"0\" aria-expanded=\"false\" aria-controls=\"ui-e-acc-9\" id=\"ui-e-are-there-any-discounts-for-the-students\">\n\n                    <h5 class=\"ui-e-accordion-title ui-e-title ui-right\">\n\n                                                    <span class=\"ui-e-accordion-icon ui-e-icon ui-e-right\" aria-hidden=\"true\">\n\n                                <span class=\"ui-e-accordion-icon-closed\">\n                                    <i aria-hidden=\"true\" class=\"ti ti-plus\"><\/i>                                <\/span>\n\n                                                                    <span class=\"ui-e-accordion-icon-opened\">\n                                        <i aria-hidden=\"true\" class=\"ti ti-minus\"><\/i>                                    <\/span>\n                                \n                            <\/span>\n                        \n                                                <span class=\"ui-e-accordion-title-text ui-e-title-text\" >\n                                                        Gibt es Erm\u00e4\u00dfigungen f\u00fcr Studenten?                         <\/span>\n\n                    <\/h5>\n\n                    <div class=\"ui-e-accordion-content ui-e-content\" style=\"display:none;\" aria-labelledby=\"ui-e-are-there-any-discounts-for-the-students\" id=\"ui-e-acc-9\">\n                        <p>Ich werde im Sommer einige Wochen haben, in denen die Beratung f\u00fcr Studenten billiger sein wird.<\/p>                    <\/div>\n\n                <\/div>\n                    <\/div>\n\t\t\t\t<\/div>\n\t\t\t\t<\/div>\n\t\t\t\t<\/div>\n\t\t\t\t\t<\/div>\n\t\t\t\t<\/div>\n\t\t\t\t<\/div>","protected":false},"excerpt":{"rendered":"<p>In which language is the counselling available? The counselling is available in german, english and slovenian. Can I do the counselling in [&hellip;]<\/p>\n","protected":false},"author":1,"featured_media":710,"parent":0,"menu_order":0,"comment_status":"closed","ping_status":"closed","template":"","meta":{"footnotes":""},"class_list":["post-419","page","type-page","status-publish","has-post-thumbnail","hentry"],"_hostinger_reach_plugin_has_subscription_block":false,"_hostinger_reach_plugin_is_elementor":false,"_links":{"self":[{"href":"https:\/\/psorsak.com\/de\/wp-json\/wp\/v2\/pages\/419","targetHints":{"allow":["GET"]}}],"collection":[{"href":"https:\/\/psorsak.com\/de\/wp-json\/wp\/v2\/pages"}],"about":[{"href":"https:\/\/psorsak.com\/de\/wp-json\/wp\/v2\/types\/page"}],"author":[{"embeddable":true,"href":"https:\/\/psorsak.com\/de\/wp-json\/wp\/v2\/users\/1"}],"replies":[{"embeddable":true,"href":"https:\/\/psorsak.com\/de\/wp-json\/wp\/v2\/comments?post=419"}],"version-history":[{"count":7,"href":"https:\/\/psorsak.com\/de\/wp-json\/wp\/v2\/pages\/419\/revisions"}],"predecessor-version":[{"id":685,"href":"https:\/\/psorsak.com\/de\/wp-json\/wp\/v2\/pages\/419\/revisions\/685"}],"wp:featuredmedia":[{"embeddable":true,"href":"https:\/\/psorsak.com\/de\/wp-json\/wp\/v2\/media\/710"}],"wp:attachment":[{"href":"https:\/\/psorsak.com\/de\/wp-json\/wp\/v2\/media?parent=419"}],"curies":[{"name":"wp","href":"https:\/\/api.w.org\/{rel}","templated":true}]}}